{"id":1248,"date":"2013-01-03T21:58:02","date_gmt":"2013-01-03T20:58:02","guid":{"rendered":"http:\/\/hp2014.swv-sasbach.info\/?page_id=1248"},"modified":"2020-03-10T10:37:46","modified_gmt":"2020-03-10T09:37:46","slug":"uner-angebot","status":"publish","type":"page","link":"https:\/\/www.schwarzwaldverein-sasbach.de\/?page_id=1248","title":{"rendered":"Wandern"},"content":{"rendered":"<h4 style=\"text-align: left;\"><img loading=\"lazy\" decoding=\"async\" width=\"2016\" height=\"1512\" class=\"alignnone size-full wp-image-12519\" alt=\"\" src=\"https:\/\/www.schwarzwaldverein-sasbach.de\/wp-content\/uploads\/2020\/03\/Wandern.jpg\" srcset=\"https:\/\/www.schwarzwaldverein-sasbach.de\/wp-content\/uploads\/2020\/03\/Wandern.jpg 2016w, https:\/\/www.schwarzwaldverein-sasbach.de\/wp-content\/uploads\/2020\/03\/Wandern-300x225.jpg 300w, https:\/\/www.schwarzwaldverein-sasbach.de\/wp-content\/uploads\/2020\/03\/Wandern-768x576.jpg 768w, https:\/\/www.schwarzwaldverein-sasbach.de\/wp-content\/uploads\/2020\/03\/Wandern-533x400.jpg 533w, https:\/\/www.schwarzwaldverein-sasbach.de\/wp-content\/uploads\/2020\/03\/Wandern-678x509.jpg 678w, https:\/\/www.schwarzwaldverein-sasbach.de\/wp-content\/uploads\/2020\/03\/Wandern-326x245.jpg 326w, https:\/\/www.schwarzwaldverein-sasbach.de\/wp-content\/uploads\/2020\/03\/Wandern-80x60.jpg 80w\" sizes=\"auto, (max-width: 2016px) 100vw, 2016px\" \/><\/h4>\n<p><strong>\u2026 unsere gro\u00dfe Leidenschaft<\/strong><\/p>\n<p><strong>&nbsp;<\/strong>Der Deutsche Wanderverband definiert den Begriff Wandern folgenderma\u00dfen:<\/p>\n<p><em>\u00bbWandern ist Gehen in der Landschaft. Dabei handelt es sich um eine Freizeitaktivit\u00e4t mit unterschiedlich starker k\u00f6rperlicher Anforderung, die sowohl das mentale wie physische Wohlbefinden f\u00f6rdert. Charakteristisch f\u00fcr eine Wanderung sind:<\/em><\/p>\n<ul>\n<li><em>eine Dauer von mehr als einer Stunde,<\/em><\/li>\n<li><em>eine entsprechende Planung,<\/em><\/li>\n<li><em>Nutzung spezifischer Infrastruktur sowie<\/em><\/li>\n<li><em>eine angepasste Ausr\u00fcstung\u00ab<\/em><\/li>\n<\/ul>\n<p>Unsere fast 40 Wanderf\u00fchrer*innen erstellen jedes Jahr ein attraktives Jahresprogramm das jedes Wanderherz h\u00f6her schlagen l\u00e4sst. Egal ob familiengerechtes oder kr\u00e4ftezehrendes Wandern, geselliges Beisammensein in vertrauter Runde bei den Senioren, beim Radfahren, Walken oder Langlaufen \u2013 bei uns ist f\u00fcr jeden was dabei!<\/p>\n<p>Unserer Wanderfreude sind keine Grenzen gesetzt. Die Veranstaltungen reichen von Wanderungen in der n\u00e4heren (Deheimrum) und weiteren Umgebung bis hin zu Touren in interessante Wandergebiete Deutschlands und dem benachbarten Ausland. Ebenso bieten wir Mehrtageswanderungen und Exkursionen an. Sie haben Lust mal mit der ganzen Familie zu wandern, einschlie\u00dflich Gro\u00dfeltern? Wir bieten mehrmals im Jahr generationen\u00fcbergreifende (G\u00fcG) Veranstaltungen an. Egal welches Alter, Single oder Gro\u00dffamilie, lassen Sie sich von unserem Angebot verf\u00fchren und wandern Sie doch einfach mal neugierig mit. Wir freuen uns \u00fcber neue Gesichter&#8230;<\/p>\n<p style=\"text-align: left;\">Die aktuellen Berichte zu unseren Wanderungen k\u00f6nnen Sie <a href=\"https:\/\/www.schwarzwaldverein-sasbach.de\/?cat=224\" target=\"_blank\" rel=\"noopener\">HIER<\/a> nachlesen.<\/p>\n","protected":false},"excerpt":{"rendered":"<div class=\"mh-excerpt\">\u2026 unsere gro\u00dfe Leidenschaft &nbsp;Der Deutsche Wanderverband definiert den Begriff Wandern folgenderma\u00dfen: \u00bbWandern ist Gehen in der Landschaft. Dabei handelt es sich um eine Freizeitaktivit\u00e4t <a class=\"mh-excerpt-more\" href=\"https:\/\/www.schwarzwaldverein-sasbach.de\/?page_id=1248\" title=\"Wandern\">[&#8230;]<\/a><\/div>\n","protected":false},"author":5,"featured_media":0,"parent":3106,"menu_order":0,"comment_status":"closed","ping_status":"closed","template":"template-full.php","meta":{"footnotes":""},"class_list":["post-1248","page","type-page","status-publish"],"_links":{"self":[{"href":"https:\/\/www.schwarzwaldverein-sasbach.de\/index.php?rest_route=\/wp\/v2\/pages\/1248","targetHints":{"allow":["GET"]}}],"collection":[{"href":"https:\/\/www.schwarzwaldverein-sasbach.de\/index.php?rest_route=\/wp\/v2\/pages"}],"about":[{"href":"https:\/\/www.schwarzwaldverein-sasbach.de\/index.php?rest_route=\/wp\/v2\/types\/page"}],"author":[{"embeddable":true,"href":"https:\/\/www.schwarzwaldverein-sasbach.de\/index.php?rest_route=\/wp\/v2\/users\/5"}],"replies":[{"embeddable":true,"href":"https:\/\/www.schwarzwaldverein-sasbach.de\/index.php?rest_route=%2Fwp%2Fv2%2Fcomments&post=1248"}],"version-history":[{"count":0,"href":"https:\/\/www.schwarzwaldverein-sasbach.de\/index.php?rest_route=\/wp\/v2\/pages\/1248\/revisions"}],"up":[{"embeddable":true,"href":"https:\/\/www.schwarzwaldverein-sasbach.de\/index.php?rest_route=\/wp\/v2\/pages\/3106"}],"wp:attachment":[{"href":"https:\/\/www.schwarzwaldverein-sasbach.de\/index.php?rest_route=%2Fwp%2Fv2%2Fmedia&parent=1248"}],"curies":[{"name":"wp","href":"https:\/\/api.w.org\/{rel}","templated":true}]}}