{"id":1262,"date":"2013-01-03T22:08:23","date_gmt":"2013-01-03T21:08:23","guid":{"rendered":"http:\/\/hp2014.swv-sasbach.info\/?page_id=1262"},"modified":"2020-03-03T16:27:21","modified_gmt":"2020-03-03T15:27:21","slug":"skilanglauf","status":"publish","type":"page","link":"https:\/\/www.schwarzwaldverein-sasbach.de\/?page_id=1262","title":{"rendered":"Skilanglauf"},"content":{"rendered":"<p style=\"text-align: center;\"><img loading=\"lazy\" decoding=\"async\" width=\"2048\" height=\"913\" class=\"aligncenter size-full wp-image-4295\" alt=\"Gaiskopfspur\" src=\"https:\/\/www.schwarzwaldverein-sasbach.de\/wp-content\/uploads\/2013\/01\/Gaiskopfspur.jpg\" srcset=\"https:\/\/www.schwarzwaldverein-sasbach.de\/wp-content\/uploads\/2013\/01\/Gaiskopfspur.jpg 2048w, https:\/\/www.schwarzwaldverein-sasbach.de\/wp-content\/uploads\/2013\/01\/Gaiskopfspur-300x134.jpg 300w, https:\/\/www.schwarzwaldverein-sasbach.de\/wp-content\/uploads\/2013\/01\/Gaiskopfspur-768x342.jpg 768w, https:\/\/www.schwarzwaldverein-sasbach.de\/wp-content\/uploads\/2013\/01\/Gaiskopfspur-897x400.jpg 897w\" sizes=\"auto, (max-width: 2048px) 100vw, 2048px\" \/><\/p>\n<p>Wenn die Schneelage es zul\u00e4sst, treffen sich unsere Langl\u00e4ufer so oft wie m\u00f6glich zum Skilanglauf auf den Loipen im heimischen H\u00f6hengebiet oder auch dar\u00fcber hinaus im S\u00fcdschwarzwald. Besonders reizvoll sind unsere Abendangebote mit Stirnlampe. Da wir bei dieser Aktivit\u00e4t besonders auf das Wetter angewiesen sind, ist ein Blick in den Newsletter bzw auf die Homepage unbedingt zu empfehlen, da es doch kurzfristig zu \u00c4nderungen kommen kann.<\/p>\n<p>Ob vom Seibelseckle hinunter ins Hintere Langenbachtal oder zur Darmst\u00e4dter H\u00fctte bzw. rund um den Ochsenkopf, wenn m\u00f6glich versuchen wir unsere Touren auch mit einer gem\u00fctlichen Einkehr zu verbinden.<\/p>\n<p>Die Streckenpl\u00e4ne verschiedener Loipen finden Sie in unseren &#8222;Tourenvorschl\u00e4gen&#8220; im Hauptmen\u00fc.<\/p>\n<p>Haben Sie Lust bei uns mitzulaufen? Dann setzten Sie sich mit uns in Verbindung.<\/p>\n<p style=\"text-align: left;\"><a href=\"http:\/\/www.schwarzwaldhochstrasse.de\/88-0-Wintersportbericht.html\" target=\"_blank\" rel=\"noopener\">Aktuelle Schneelage in unserem H\u00f6hengebiet.<\/a><\/p>\n<p style=\"text-align: left;\"><a href=\"http:\/\/www.loipenportal.de\/nordschwarzwald\" target=\"_blank\" rel=\"noopener\">Loipenportal Nordschwarzwald.<\/a><\/p>\n","protected":false},"excerpt":{"rendered":"<div class=\"mh-excerpt\">Wenn die Schneelage es zul\u00e4sst, treffen sich unsere Langl\u00e4ufer so oft wie m\u00f6glich zum Skilanglauf auf den Loipen im heimischen H\u00f6hengebiet oder auch dar\u00fcber hinaus <a class=\"mh-excerpt-more\" href=\"https:\/\/www.schwarzwaldverein-sasbach.de\/?page_id=1262\" title=\"Skilanglauf\">[&#8230;]<\/a><\/div>\n","protected":false},"author":5,"featured_media":0,"parent":3106,"menu_order":6,"comment_status":"closed","ping_status":"closed","template":"template-full.php","meta":{"footnotes":""},"class_list":["post-1262","page","type-page","status-publish"],"_links":{"self":[{"href":"https:\/\/www.schwarzwaldverein-sasbach.de\/index.php?rest_route=\/wp\/v2\/pages\/1262","targetHints":{"allow":["GET"]}}],"collection":[{"href":"https:\/\/www.schwarzwaldverein-sasbach.de\/index.php?rest_route=\/wp\/v2\/pages"}],"about":[{"href":"https:\/\/www.schwarzwaldverein-sasbach.de\/index.php?rest_route=\/wp\/v2\/types\/page"}],"author":[{"embeddable":true,"href":"https:\/\/www.schwarzwaldverein-sasbach.de\/index.php?rest_route=\/wp\/v2\/users\/5"}],"replies":[{"embeddable":true,"href":"https:\/\/www.schwarzwaldverein-sasbach.de\/index.php?rest_route=%2Fwp%2Fv2%2Fcomments&post=1262"}],"version-history":[{"count":0,"href":"https:\/\/www.schwarzwaldverein-sasbach.de\/index.php?rest_route=\/wp\/v2\/pages\/1262\/revisions"}],"up":[{"embeddable":true,"href":"https:\/\/www.schwarzwaldverein-sasbach.de\/index.php?rest_route=\/wp\/v2\/pages\/3106"}],"wp:attachment":[{"href":"https:\/\/www.schwarzwaldverein-sasbach.de\/index.php?rest_route=%2Fwp%2Fv2%2Fmedia&parent=1262"}],"curies":[{"name":"wp","href":"https:\/\/api.w.org\/{rel}","templated":true}]}}