{"id":142,"date":"2012-12-25T21:19:25","date_gmt":"2012-12-25T20:19:25","guid":{"rendered":"http:\/\/hp2014.swv-sasbach.info\/?page_id=142"},"modified":"2016-12-30T09:30:23","modified_gmt":"2016-12-30T08:30:23","slug":"aussichtsturm","status":"publish","type":"page","link":"https:\/\/www.schwarzwaldverein-sasbach.de\/?page_id=142","title":{"rendered":"Aussichtsturm"},"content":{"rendered":"<p style=\"text-align: left;\">Die Nutzung des Turmes als Aussichtsturm geht auf eine Initiative der Sektion&nbsp;&nbsp;(heute:&nbsp; Ortsgruppe) Achern des Schwarzwaldvereins im Jahr 1892 zur\u00fcck.<\/p>\n<p style=\"text-align: left;\"><a href=\"https:\/\/www.schwarzwaldverein-sasbach.de\/wp-content\/uploads\/2012\/12\/Foto-Wucherer.jpg\"><img loading=\"lazy\" decoding=\"async\" class=\"aligncenter size-full wp-image-6538\" src=\"https:\/\/www.schwarzwaldverein-sasbach.de\/wp-content\/uploads\/2012\/12\/Foto-Wucherer.jpg\" alt=\"Foto Wucherer\" width=\"715\" height=\"768\" srcset=\"https:\/\/www.schwarzwaldverein-sasbach.de\/wp-content\/uploads\/2012\/12\/Foto-Wucherer.jpg 715w, https:\/\/www.schwarzwaldverein-sasbach.de\/wp-content\/uploads\/2012\/12\/Foto-Wucherer-279x300.jpg 279w, https:\/\/www.schwarzwaldverein-sasbach.de\/wp-content\/uploads\/2012\/12\/Foto-Wucherer-372x400.jpg 372w\" sizes=\"auto, (max-width: 715px) 100vw, 715px\" \/><\/a><em>Foto: Wucherer<\/em><\/p>\n<p style=\"text-align: left;\"><strong><em>Schwarzwaldverein, Sektion Achern&nbsp; 17. Februar 1892<\/em><\/strong><\/p>\n<p style=\"text-align: left;\"><em>An Gro\u00dfherzogl. Bad. Bezirksamt Achern<\/em><br \/>\n<em> Wir gestatten uns ergebenst mitzutheilen, da\u00df die hiesige Sektion des Schwarzwaldvereins, um die&nbsp; vielfachen Klagen \u00fcber die Unzutr\u00e4glichkeiten bei Besteigung des Hornisgrindethurmes zu begegnen,&nbsp; beabsichtigt an Stelle der vorhandenen h\u00f6lzernen Leiter eine eiserne Treppe zu errichten.<\/em><br \/>\n<em> Da nun fragl. Thurm Eigenthum der Staatsbeh\u00f6rde ist, bitten wir ergebenst uns die Ausf\u00fchrung dieser&nbsp; Anlage auf Kosten des Vereins gestatten zu wollen; f\u00fcr eine durchaus solide Ausf\u00fchrung werden wir die&nbsp; n\u00f6thige Sorge tragen.<\/em><\/p>\n<p style=\"text-align: left;\"><em>Hochachtungsvoll<\/em><br \/>\n<em> Schwarzwald-Verein Section Achern<\/em><br \/>\n<em> der Vorstand<\/em><br \/>\n<em> W. Nauwerck<\/em><\/p>\n<p style=\"text-align: left;\"><a href=\"https:\/\/www.schwarzwaldverein-sasbach.de\/wp-content\/uploads\/2012\/12\/1892-02-17_SWV.pdf\" target=\"_blank\">Originaldokument<\/a><\/p>\n<p style=\"text-align: left;\"><strong><em>Achern, den 18. Februar 1892<\/em><\/strong><\/p>\n<p style=\"text-align: left;\"><em>Beschlu\u00df:<\/em><br \/>\n<em> I. An den Vorstand des Schwarzwaldvereins &#8211; Sektion Achern &#8211; z. Hd. Des Herrn Fabrik-direktors Nauwerk in Oberachern:<\/em><br \/>\n<em> II. Mit Bezug auf Ihre Eingabe vom 17. Dieses Monats ersuchen wir Sie, zun\u00e4chst uns eine Skizze vorlegen zu wollen, aus welcher die Ma\u00dfverh\u00e4ltnisse der Treppe sowie die Art und Weise der Anbringung der Treppe am Thurm ersichtlich ist.<\/em><br \/>\n<em> III. Wvl in 10 Tagen<\/em><br \/>\n<em> Gro\u00dfherzogliches Bezirksamt<\/em><br \/>\n<em> Gez. Unterschrift<\/em><\/p>\n<p style=\"text-align: left;\"><a href=\"https:\/\/www.schwarzwaldverein-sasbach.de\/wp-content\/uploads\/2012\/12\/1892-02-18_GB.pdf\" target=\"_blank\">Originaldokument<\/a><\/p>\n<p style=\"text-align: left;\"><strong><em>Schwarzwaldverein Sektion Achern<\/em><\/strong><br \/>\n<strong> <em> Achern, den 9. M\u00e4rz 1892<\/em><\/strong><br \/>\n<em> Gro\u00dfherzogl. Bezirksamt Achern<\/em><br \/>\n<em> Wir beehren uns einliegend gew\u00fcnschte Skizze der projectierten eisernen Treppe zum Signalthurm auf der&nbsp; Hornisgrinde einzureichen und bemerken, da\u00df alles bis auf die beiden oberen Bretter des Gel\u00e4nders, welche&nbsp; aus Holz gemacht werden sollen, in Eisen projectiert ist.<\/em><\/p>\n<p style=\"text-align: left;\"><em>Hochachtungsvoll.<\/em><br \/>\n<em> Schwarzwaldverein Section Achern<\/em><br \/>\n<em> Nauwerck<\/em><\/p>\n<p style=\"text-align: left;\"><a href=\"https:\/\/www.schwarzwaldverein-sasbach.de\/wp-content\/uploads\/2012\/12\/1892-03-09_SWV.pdf\" target=\"_blank\">Originaldokument<\/a><\/p>\n<p style=\"text-align: left;\"><strong><em>Achern, 10. M\u00e4rz 1892<\/em><\/strong><br \/>\n<em> Die Anlage einer Treppe am Thurm auf der Hornisgrinde betreffend<\/em><\/p>\n<p style=\"text-align: left;\"><em>Beschlu\u00df:<\/em><br \/>\n<em> I. Gro\u00dfh. Wasser- u. Stra\u00dfenbauinspektion Achern beehren wir uns beifolgend die beiden Eingaben des Schwarzwaldvereins Achern vom 17. Februar u. 9. M\u00e4rz, worin der Verein um Genehmigung zur Erstellung einer eisernen Treppe am Thurm auf der Hornisgrinde bittet, nebst der zugeh\u00f6rigen Planskizze mit dem Ersuchen ergebenst zu \u00fcbersenden, die Gestattung der Ausf\u00fchrung der projektierten Treppe, welche von der Touristenwelt als ein dringliches Bed\u00fcrfnis angesehen wird bei Oberinspektion des Wasser- und Stra\u00dfenbaus aufs W\u00e4rmste bef\u00fcrworten zu wollen.<\/em><br \/>\n<em> Von dem Ergebnisse der gef\u00e4lligen Bem\u00fchungen wohlderselben bitten wir uns seinerzeit zu verst\u00e4ndigen.<\/em><\/p>\n<p style=\"text-align: left;\"><em>II. Wvl in 3 Wochen<\/em><br \/>\n<em> Gr. Bezirksamt<\/em><\/p>\n<p style=\"text-align: left;\"><a href=\"https:\/\/www.schwarzwaldverein-sasbach.de\/wp-content\/uploads\/2012\/12\/1892-03-10_GB.pdf\" target=\"_blank\">Originaldokument<\/a><\/p>\n<p style=\"text-align: left;\"><em>Die Anlage einer Treppe an dem Signalthurm auf der Hornisgrinde betreffend<\/em><\/p>\n<p style=\"text-align: left;\"><em>Beschlu\u00df:<\/em><br \/>\n<em> Gr. Ministerium des Innern beehren wir uns geziemend vorzutragen:<\/em><br \/>\n<em> In einer Eingabe vom 17. Februar dieses Jahres hat der Schwarzwaldverein &#8211; Sektion Achern &#8211; bei uns um Erlaubnis zur Anbringung einer eisernen Treppe an dem Signalthurm auf der Hornisgrinde gebeten.<\/em><\/p>\n<p style=\"text-align: left;\"><em>Wir haben nach Erhebung einer Planskizze \u00fcber das beabsichtigte Unternehmen das Gesuch der Gr. Wasser u. Stra\u00dfenbauinspektion Achern mit der Bitte \u00fcbersandt, bei Gr. Oberdirektion des Wasser u. Stra\u00dfenbaus, deren Zust\u00e4ndigkeit wir unterstellten, die Zustimmung zur Anbringung der Treppe erwirken zu wollen.<\/em><\/p>\n<p style=\"text-align: left;\"><em>In einem an die Inspektion Achern gerichteten Erlasses vom 28. D. Mts. Nr. 286 hat nun die Gr. Oberinspektion ausgesprochen, da\u00df das in Frage kommende Interesse der (Wort nicht lesbar) Gradmessung der Gew\u00e4hrung der Bitte des Schwarzwaldvereins nicht entgegensteht, da\u00df sie aber, weil nicht Eigenth\u00fcmerin des Thurmes, sich zur Ertheilung der Genehmigung nicht zust\u00e4ndig erachte.<\/em><\/p>\n<p style=\"text-align: left;\"><em>Aus den Akten, welche die gr. Wasser u. Stra\u00dfenbauinspektion mit dem gedachten Erlasse der Gr. Oberdirektion uns mittheilte, haben wir entnommen, da\u00df der Signalthurm auf der Hornisgrinde seinerzeit auf Weisung Gr. Ministeriums des Innern vom 4. M\u00e4rz 1870 Nr. 2456 errichtet wurde.<\/em><\/p>\n<p style=\"text-align: left;\"><em>Wir gestatten uns daher noch demselben das Gesuch des Schwarzwaldvereins zur gef\u00e4lligen Vorbescheidung geziemend zu unterbreiten.<\/em><\/p>\n<p style=\"text-align: left;\"><em>Der etwa 7 m hohe Thurm auf der Hornisgrinde bietet eine lohnende, umfassende Aussicht und wird jetzt bereits von Touristen vielfach bestiegen.<\/em><br \/>\n<em> Der Aufstieg vermittelst der vorhandenen h\u00f6lzernen und eben nicht sicheren Leiter setzt aber Schwindelfreiheit und eine gewisse Geschickheit voraus.<\/em><br \/>\n<em> Der Wunsch auf Anlage einer sicheren Treppe ist daher in der Touristenwelt schon oft erhoben worden und wurde deshalb zur Genehmigung des (unleserlichen) des Schwarzwaldvereins in weiten Kreisen jeher lebhaft begr\u00fc\u00dft worden.<\/em><\/p>\n<p style=\"text-align: left;\"><em>Die Gefahr einer Besch\u00e4digung des Signalpfeilers erh\u00f6ht sich im Falle der Anbringung einer Treppe nicht, den taths\u00e4chlich wird wie schon bemerkt, der Thurm auch jetzt bereits bestiegen. \u00dcberdies sind ja auch andere Signalth\u00fcrme, wir verweisen beispielsweise auf den Signalthurm auf dem K\u00f6nigsstuhle bei Heidelberg, als Aussichtsth\u00fcrme hergestellt.<\/em><\/p>\n<p style=\"text-align: left;\"><em>Wir m\u00f6chten daher die Erf\u00fcllung der Bitte des Schwarzwaldvereins dem Gro\u00dfherzoglichen Ministerium zur Genehmigung angelegentlichst empfehlen.<\/em><br \/>\n<em> Die diesseitigen Akten sowie die Akten der Gr. Wasser u. Stra\u00dfenbauinspektion gestatten wir uns anzuschlie\u00dfen.<\/em><\/p>\n<p style=\"text-align: left;\"><em>Gr. Bezirksamt<\/em><\/p>\n<p style=\"text-align: left;\"><em><a href=\"https:\/\/www.schwarzwaldverein-sasbach.de\/wp-content\/uploads\/2012\/12\/1892-04-01_GB.pdf\" target=\"_blank\">Originaldokument<\/a><\/em><\/p>\n<p style=\"text-align: left;\"><strong><em>Ministerium des Innern<\/em><\/strong><br \/>\n<strong> <em> Karlsruhe den 11ten April 1892, Nr. 8353<\/em><\/strong><\/p>\n<p style=\"text-align: left;\"><em>Die Anbringung einer Treppe an dem Signalthurm auf der Hornisgrinde betreffend<\/em><\/p>\n<p style=\"text-align: left;\"><em>Gro\u00dfherzoglichem Bezirksamt Achern wird auf den Bericht vom 1ten d. Mts Nr. 6129 unter R\u00fccksendung der Anlagen zur weiteren Er\u00f6ffnung erwidert, da\u00df die vom Schwarzwaldverein &#8211; Section Achern &#8211; erbetene Erlaubnis zur Anbringung einer eisernen Treppe an dem Signalthurm auf der Hornisgrinde hiermit ertheilt werde.<\/em><\/p>\n<p style=\"text-align: left;\"><em>Unterschrift<\/em><\/p>\n<p style=\"text-align: left;\"><em><a href=\"https:\/\/www.schwarzwaldverein-sasbach.de\/wp-content\/uploads\/2012\/12\/1892-04-11_MI.pdf\" target=\"_blank\">Orirginaldokument<\/a><\/em><\/p>\n<p style=\"text-align: left;\"><a href=\"https:\/\/www.schwarzwaldverein-sasbach.de\/wp-content\/uploads\/2012\/12\/bismarckturm1.jpg\"><img loading=\"lazy\" decoding=\"async\" class=\"size-full wp-image-6541 alignnone\" src=\"https:\/\/www.schwarzwaldverein-sasbach.de\/wp-content\/uploads\/2012\/12\/bismarckturm1.jpg\" alt=\"bismarckturm1\" width=\"640\" height=\"480\" srcset=\"https:\/\/www.schwarzwaldverein-sasbach.de\/wp-content\/uploads\/2012\/12\/bismarckturm1.jpg 640w, https:\/\/www.schwarzwaldverein-sasbach.de\/wp-content\/uploads\/2012\/12\/bismarckturm1-300x225.jpg 300w, https:\/\/www.schwarzwaldverein-sasbach.de\/wp-content\/uploads\/2012\/12\/bismarckturm1-533x400.jpg 533w, https:\/\/www.schwarzwaldverein-sasbach.de\/wp-content\/uploads\/2012\/12\/bismarckturm1-326x245.jpg 326w, https:\/\/www.schwarzwaldverein-sasbach.de\/wp-content\/uploads\/2012\/12\/bismarckturm1-80x60.jpg 80w\" sizes=\"auto, (max-width: 640px) 100vw, 640px\" \/><\/a><\/p>\n<p style=\"text-align: left;\"><a title=\"Sanierung 2001\" href=\"https:\/\/www.schwarzwaldverein-sasbach.de\/?page_id=159\">Hier geht es weiter: Sanierung 2001<\/a><\/p>\n","protected":false},"excerpt":{"rendered":"<div class=\"mh-excerpt\">Die Nutzung des Turmes als Aussichtsturm geht auf eine Initiative der Sektion&nbsp;&nbsp;(heute:&nbsp; Ortsgruppe) Achern des Schwarzwaldvereins im Jahr 1892 zur\u00fcck. Foto: Wucherer Schwarzwaldverein, Sektion Achern&nbsp; <a class=\"mh-excerpt-more\" href=\"https:\/\/www.schwarzwaldverein-sasbach.de\/?page_id=142\" title=\"Aussichtsturm\">[&#8230;]<\/a><\/div>\n","protected":false},"author":5,"featured_media":0,"parent":13,"menu_order":1,"comment_status":"closed","ping_status":"closed","template":"template-full.php","meta":{"footnotes":""},"class_list":["post-142","page","type-page","status-publish"],"_links":{"self":[{"href":"https:\/\/www.schwarzwaldverein-sasbach.de\/index.php?rest_route=\/wp\/v2\/pages\/142","targetHints":{"allow":["GET"]}}],"collection":[{"href":"https:\/\/www.schwarzwaldverein-sasbach.de\/index.php?rest_route=\/wp\/v2\/pages"}],"about":[{"href":"https:\/\/www.schwarzwaldverein-sasbach.de\/index.php?rest_route=\/wp\/v2\/types\/page"}],"author":[{"embeddable":true,"href":"https:\/\/www.schwarzwaldverein-sasbach.de\/index.php?rest_route=\/wp\/v2\/users\/5"}],"replies":[{"embeddable":true,"href":"https:\/\/www.schwarzwaldverein-sasbach.de\/index.php?rest_route=%2Fwp%2Fv2%2Fcomments&post=142"}],"version-history":[{"count":0,"href":"https:\/\/www.schwarzwaldverein-sasbach.de\/index.php?rest_route=\/wp\/v2\/pages\/142\/revisions"}],"up":[{"embeddable":true,"href":"https:\/\/www.schwarzwaldverein-sasbach.de\/index.php?rest_route=\/wp\/v2\/pages\/13"}],"wp:attachment":[{"href":"https:\/\/www.schwarzwaldverein-sasbach.de\/index.php?rest_route=%2Fwp%2Fv2%2Fmedia&parent=142"}],"curies":[{"name":"wp","href":"https:\/\/api.w.org\/{rel}","templated":true}]}}