{"id":162,"date":"2012-12-26T10:19:40","date_gmt":"2012-12-26T09:19:40","guid":{"rendered":"http:\/\/hp2014.swv-sasbach.info\/?page_id=162"},"modified":"2016-12-30T09:32:58","modified_gmt":"2016-12-30T08:32:58","slug":"wiedereroffnung","status":"publish","type":"page","link":"https:\/\/www.schwarzwaldverein-sasbach.de\/?page_id=162","title":{"rendered":"Wiederer\u00f6ffnung"},"content":{"rendered":"<p style=\"text-align: left;\"><strong><span style=\"font-size: 18px;\">Gemeinsame Anstrengung hat sich sichtlich gelohnt<\/span><\/strong><\/p>\n<p style=\"text-align: left;\">Vor gut einem Jahr stand der kleine Turm auf dem h\u00f6chsten Punkt der Hornisgrinde schon einmal im Blickpunkt der \u00d6ffentlichkeit: Damals noch eher bauf\u00e4llig als imposant. Der Zahn der Zeit hatte arg an dem Bauwerk genagt, es war auch nicht zu \u00fcbersehen, dass es nicht mehr viele Jahre gedauert h\u00e4tte, bis die Steine \u00fcbereinander gefallen w\u00e4ren. Der Sasbacher Schwarzwaldverein konnte sein Vorhaben, diesen &#8222;altehrw\u00fcrdigen&#8220; Turm der Nachwelt zu erhalten, nun in die Tat umsetzen. Nun wurde der zwar nicht neue, doch hervorragend renovierte Turm seiner Bestimmung \u00fcbergeben &#8211; die da hei\u00dft, den Wanderern auf der Hornisgrinde als Aussichtsturm in alle Himmelsrichtungen zu dienen.<\/p>\n<p style=\"text-align: left;\"><a href=\"https:\/\/www.schwarzwaldverein-sasbach.de\/wp-content\/uploads\/2012\/12\/Scan_Pic0007.jpg\"><img loading=\"lazy\" decoding=\"async\" class=\"size-medium wp-image-6545 alignnone\" src=\"https:\/\/www.schwarzwaldverein-sasbach.de\/wp-content\/uploads\/2012\/12\/Scan_Pic0007-208x300.jpg\" alt=\"Scan_Pic0007\" width=\"208\" height=\"300\"><\/a><\/p>\n<p style=\"text-align: left;\">Dass das Vorhaben recht gut gelang, wurde von zahlreichen G\u00e4sten bescheinigt &#8211; unter ihnen auch der Vertreter des Freiburger Denkmalamtes, Dr. W\u00f6rner, sowie eine Reihe von Mitgliedern der Schwarzwaldvereinsfamilie. F\u00fcr Walter Steimle (Ottenh\u00f6fen) und Gisela H\u00f6\u00df (Sasbach), die beiden Vorsitzenden der benachbarten Schwarzwaldvereine, war es sicherlich ein besonderer Tag in der jeweiligen Vereinsgeschichte, beide hatten am Zustandekommen dieser Renovation ebenfalls einen gro\u00dfen Anteil. &#8222;Hand in Hand&#8220; arbeiteten auch die beteiligten Kommunen: B\u00fcrgermeister Ewald Panther und seine Amtskollegen Valentin Doll und Reinhard Schm\u00e4lzle sowie Ortsvorsteher Albert Doll, die zur offiziellen \u00dcbergabe anwesend waren, hatten schon im Vorfeld ihre Unterst\u00fctzung zugesagt.<\/p>\n<p style=\"text-align: left;\">Zur Freude der beteiligten Schwarzwaldvereine wohnten auch ein Enkel und ein Urenkel von Wilhelm Nauwerk (1851-1916) der Turm\u00fcbergabe bei: Dieser war ehemals Vorsitzender des Acherner Schwarzwaldvereins und hatte nicht nur f\u00fcr eine Treppe zur Besteigung dieses Signalturms gesorgt, sondern f\u00fcr einen weiteren Aussichtsturm. Enkel Bertram und dessen Sohn Daniel waren aus Reutlingen angereist, um hier mitzuerleben, wie ein Teil des Lebenswerkes ihres Verfahrens &#8222;wiedererstand&#8220;.<\/p>\n<p style=\"text-align: left;\">Es sei, so sagte die Vorsitzende Gisela H\u00f6\u00df zu Beginn der Zeremonie, f\u00fcr alle Anwesenden eine gro\u00dfe Freude, &#8222;dass unser Werk hier oben vollendet ist und seiner Bestimmung \u00fcbergeben werden kann&#8220;. Die Sprecherin lie\u00df einige Vorg\u00e4nge Revue passieren &#8211; den &#8222;Vor Ort-Termin&#8220; vor gerade einem Jahr, mit der die Sicherung des Bauwerkes einherging und w\u00fcrdigte zugleich die tatkr\u00e4ftige Unterst\u00fctzung der Ottenh\u00f6fener Vereinsmitglieder. Sp\u00e4ter habe Josef Kurz aus Sasbach die &#8222;Bauleitung&#8220; \u00fcbernommen und sich dieser Arbeit angenommen, unterst\u00fctzt von weiteren \u00f6rtlichen Mitgliedern.<\/p>\n<p style=\"text-align: left;\">Nachdem das Mauerwerk wieder in Ordnung gebracht wurde, galt es mittels Hochdruckreiniger das Gem\u00e4uer wieder ansehnlicher zu machen, Gesimssteine wurden angebracht, die Turmplatte betoniert, gleichzeitig auch das vorhandene Gel\u00e4nder &#8222;auf Vordermann gebracht&#8220;. Die Sprecherin erinnerte an eines der schwersten St\u00fccke Arbeit: das Anbringen der neuen Au\u00dfentreppe, um den Turm wieder begehbar zu machen. Sturm und Regen beeintr\u00e4chtigten diese Arbeiten: Es spricht f\u00fcr den unerm\u00fcdlichen Einsatz der beteiligten Personen, dass es trotz mancher Unbill keine wesentlichen Verz\u00f6gerungen gab und das Werk fristgem\u00e4\u00df fertiggestellt wurde.<\/p>\n<p style=\"text-align: left;\">B\u00fcrgermeister Ewald Panther erinnerte die Anwesenden nochmals daran, dass dieser Signalturm. exakt an der Gemarkungsgrenze von Sasbach und Sasbachwalden stehe, daher k\u00f6nnten sich beide Gemeinden als Eigent\u00fcmer betrachten. Sowohl Ewald Panther als auch sein Sasbachwaldener Amtskollege Valentin Doll hatten spontan und unb\u00fcrokratisch ihre Unterst\u00fctzung zugesagt, als der Schwarzwaldverein die Turmrenovierung ins Auge fasste; auch k\u00fcnftig, so Panther, gelte dieses Wort. Allen Turmbesuchern w\u00fcnschte Panther in der Zukunft ein &#8222;unfallfreies Begehen&#8220; &#8211; verbunden mit anerkennenden und dankenden Worten f\u00fcr die Arbeit. \u00c4hnlich \u00e4u\u00dferte sich Panthers Amtskollege Doll: Er erinnerte daran, dass der Turm vor einem Jahr noch ziemlich marode ausgesehen habe, umso erfreulicher sei der jetzige Zustand. Man sehe eben, so betonte der Sasbachwaldener Schultes, was mit derartigem ehrenamtlichem Engagement m\u00f6glich sei.<\/p>\n<p style=\"text-align: left;\">&#8222;Der Schwarzwaldverein und beide Gemeinden haben Besonderes geleistet&#8220; &#8211; so w\u00fcrdigte der Vertreter des Freiburger Denkmalamtes, Dr. W\u00f6rner, das Ende der Renovierungsarbeiten, &#8222;die Denkmalpflege ben\u00f6tigte solche Partner&#8220;. Es sei sch\u00f6n, dass &#8222;dieses Denkmal des alten badischen Landes&#8220; und damit ein wertvolles Kulturgut erhalten wurde. B\u00fcrgermeister Ewald Panther bescheinigte der Sprecher, dass dieser in seiner zu Ende gehenden Amtszeitstete ein offenes Ohr f\u00fcr die Denkmalpflege gehabt habe, ihm galten f\u00fcr die Zukunft im Privatleben die besten W\u00fcnsche. Die Verantwortlichen h\u00e4tten diese Renovierungsarbeiten sehr gut hinbekommen, so gab auch Seebachs B\u00fcrgermeister Reinhard Schm\u00e4lzle den Schwarzwaldvereinen ein sch\u00f6nes Kompliment. Es sei auf dieser Hochmoorebene nun ein tolles Bild. &#8222;Seine Renovierung&#8220; werde etwas teurer: Schm\u00e4lzle richtete den Blick auf den unweit gelegenen zweiten Aussichtsturm, der einst vom Schwarzwaldverein Achem errichtet wurde und ebenfalls renovierungsbed\u00fcrftig ist. F\u00fcr den gesamten Bezirk &#8222;Homisgrinde&#8220;, in dem die regionalen Schwarzwaldvereine &#8222;beheimatet&#8220; sind, sprach deren Vorsitzender Klaus Mohr, der sich von der ersten Stunde an interessiert und hilfsbereit zeigte: Allgemein freue man sich \u00fcber die gelungene Renovierung dieses Turmes. Dieser Tag sei f\u00fcr den Bezirk, der ja auch den Namen dieses h\u00f6chsten Berges im Nordschwarzwald trage, ein freudiges Ereignis, von dem man vor einigen Jahren nicht einmal habe tr\u00e4umen k\u00f6nnen.<\/p>\n<p style=\"text-align: left;\"><a href=\"https:\/\/www.schwarzwaldverein-sasbach.de\/wp-content\/uploads\/2012\/12\/Scan_Pic0008.jpg\"><img loading=\"lazy\" decoding=\"async\" class=\"size-medium wp-image-6546 alignnone\" src=\"https:\/\/www.schwarzwaldverein-sasbach.de\/wp-content\/uploads\/2012\/12\/Scan_Pic0008-300x196.jpg\" alt=\"Scan_Pic0008\" width=\"300\" height=\"196\" srcset=\"https:\/\/www.schwarzwaldverein-sasbach.de\/wp-content\/uploads\/2012\/12\/Scan_Pic0008-300x196.jpg 300w, https:\/\/www.schwarzwaldverein-sasbach.de\/wp-content\/uploads\/2012\/12\/Scan_Pic0008-768x503.jpg 768w, https:\/\/www.schwarzwaldverein-sasbach.de\/wp-content\/uploads\/2012\/12\/Scan_Pic0008-611x400.jpg 611w, https:\/\/www.schwarzwaldverein-sasbach.de\/wp-content\/uploads\/2012\/12\/Scan_Pic0008.jpg 1024w\" sizes=\"auto, (max-width: 300px) 100vw, 300px\" \/><\/a><\/p>\n<p style=\"text-align: left;\">&#8222;Unsere T\u00fcrme haben eine wechselvolle Geschichte&#8220;, so erinnerte Werner K\u00f6hler als Vertreter des benachbarten Schwarzwaldvereins Achern an die Historie, die durch zahlreiche vorhandene Unter- lagen dokumentiert ist. Zum Zeichen des Dankes f\u00fcr die Bereitschaft, diesen Signalturm wiederherzustellen und f\u00fcr die \u00d6ffentlichkeit zug\u00e4nglich zu machen, \u00fcberreichte K\u00f6hler einen &#8222;finanziellen Baustein&#8220;. Vor einem kleinen Umtrunk und Imbiss, serviert von den Mitgliedern des Schwarzwaldvereins, folgte die Unterzeichnung der&nbsp; <a href=\"https:\/\/www.schwarzwaldverein-sasbach.de\/wp-content\/uploads\/2012\/12\/Nutzungsvereinbarung.pdf\" target=\"_blank\">Nutzungsvereinbarung<\/a>; beide B\u00fcrgermeister und die Vorsitzende Gisela H\u00f6\u00df signierten das Dokument. Anschlie\u00dfend nahmen nahezu alle Anwesenden auch die Gelegenheit wahr, den Turm zu besteigen.<\/p>\n<p style=\"text-align: left;\"><a title=\"Panoramatafeln\" href=\"https:\/\/www.schwarzwaldverein-sasbach.de\/?page_id=167\">Hier geht es weiter: Panoramatafeln<\/a><\/p>\n","protected":false},"excerpt":{"rendered":"<div class=\"mh-excerpt\">Gemeinsame Anstrengung hat sich sichtlich gelohnt Vor gut einem Jahr stand der kleine Turm auf dem h\u00f6chsten Punkt der Hornisgrinde schon einmal im Blickpunkt der <a class=\"mh-excerpt-more\" href=\"https:\/\/www.schwarzwaldverein-sasbach.de\/?page_id=162\" title=\"Wiederer\u00f6ffnung\">[&#8230;]<\/a><\/div>\n","protected":false},"author":5,"featured_media":0,"parent":13,"menu_order":3,"comment_status":"closed","ping_status":"closed","template":"template-full.php","meta":{"footnotes":""},"class_list":["post-162","page","type-page","status-publish"],"_links":{"self":[{"href":"https:\/\/www.schwarzwaldverein-sasbach.de\/index.php?rest_route=\/wp\/v2\/pages\/162","targetHints":{"allow":["GET"]}}],"collection":[{"href":"https:\/\/www.schwarzwaldverein-sasbach.de\/index.php?rest_route=\/wp\/v2\/pages"}],"about":[{"href":"https:\/\/www.schwarzwaldverein-sasbach.de\/index.php?rest_route=\/wp\/v2\/types\/page"}],"author":[{"embeddable":true,"href":"https:\/\/www.schwarzwaldverein-sasbach.de\/index.php?rest_route=\/wp\/v2\/users\/5"}],"replies":[{"embeddable":true,"href":"https:\/\/www.schwarzwaldverein-sasbach.de\/index.php?rest_route=%2Fwp%2Fv2%2Fcomments&post=162"}],"version-history":[{"count":0,"href":"https:\/\/www.schwarzwaldverein-sasbach.de\/index.php?rest_route=\/wp\/v2\/pages\/162\/revisions"}],"up":[{"embeddable":true,"href":"https:\/\/www.schwarzwaldverein-sasbach.de\/index.php?rest_route=\/wp\/v2\/pages\/13"}],"wp:attachment":[{"href":"https:\/\/www.schwarzwaldverein-sasbach.de\/index.php?rest_route=%2Fwp%2Fv2%2Fmedia&parent=162"}],"curies":[{"name":"wp","href":"https:\/\/api.w.org\/{rel}","templated":true}]}}